{"id":423,"date":"2026-04-16T10:28:58","date_gmt":"2026-04-16T08:28:58","guid":{"rendered":"http:\/\/s320074363.mialojamiento.es\/espa_produccion\/cosital\/?page_id=423"},"modified":"2026-04-16T19:01:56","modified_gmt":"2026-04-16T17:01:56","slug":"suscripcion-de-convenios","status":"publish","type":"page","link":"http:\/\/s320074363.mialojamiento.es\/espa_produccion\/cosital\/suscripcion-de-convenios\/","title":{"rendered":"Suscripci\u00f3n de convenios"},"content":{"rendered":"\t\t<div data-elementor-type=\"wp-page\" data-elementor-id=\"423\" class=\"elementor elementor-423\" data-elementor-post-type=\"page\">\n\t\t\t\t<div class=\"elementor-element elementor-element-43ebf80 e-flex e-con-boxed e-con e-parent\" data-id=\"43ebf80\" data-element_type=\"container\" data-e-type=\"container\">\n\t\t\t\t\t<div class=\"e-con-inner\">\n\t\t\t\t<div class=\"elementor-element elementor-element-36b2dbf elementor-widget__width-inherit elementor-widget-mobile__width-inherit elementor-widget elementor-widget-heading\" data-id=\"36b2dbf\" data-element_type=\"widget\" data-e-type=\"widget\" data-widget_type=\"heading.default\">\n\t\t\t\t<div class=\"elementor-widget-container\">\n\t\t\t\t\t<h2 class=\"elementor-heading-title elementor-size-default\"> Suscripci\u00f3n de \n<span class=\"t-destacado\">convenios<\/span> <\/h2>\t\t\t\t<\/div>\n\t\t\t\t<\/div>\n\t\t\t\t<div class=\"elementor-element elementor-element-77419af elementor-widget elementor-widget-text-editor\" data-id=\"77419af\" data-element_type=\"widget\" data-e-type=\"widget\" data-widget_type=\"text-editor.default\">\n\t\t\t\t<div class=\"elementor-widget-container\">\n\t\t\t\t\t\t\t\t\t<p><strong>En fomento de la proyecci\u00f3n y capacitaci\u00f3n profesional y otros que redunden en beneficio del FHN<\/strong><\/p>\t\t\t\t\t\t\t\t<\/div>\n\t\t\t\t<\/div>\n\t\t\t\t\t<\/div>\n\t\t\t\t<\/div>\n\t\t<div class=\"elementor-element elementor-element-f671548 e-flex e-con-boxed e-con e-parent\" data-id=\"f671548\" data-element_type=\"container\" data-e-type=\"container\">\n\t\t\t\t\t<div class=\"e-con-inner\">\n\t\t<div class=\"elementor-element elementor-element-a16c30a e-con-full e-flex e-con e-child\" data-id=\"a16c30a\" data-element_type=\"container\" data-e-type=\"container\" data-settings=\"{&quot;background_background&quot;:&quot;classic&quot;}\">\n\t\t<div class=\"elementor-element elementor-element-8ecb22b e-flex e-con-boxed e-con e-child\" data-id=\"8ecb22b\" data-element_type=\"container\" data-e-type=\"container\">\n\t\t\t\t\t<div class=\"e-con-inner\">\n\t\t\t\t<div class=\"elementor-element elementor-element-2b385a7 elementor-widget elementor-widget-heading\" data-id=\"2b385a7\" data-element_type=\"widget\" data-e-type=\"widget\" data-widget_type=\"heading.default\">\n\t\t\t\t<div class=\"elementor-widget-container\">\n\t\t\t\t\t<h3 class=\"elementor-heading-title elementor-size-default\">CONVENIO CON LA UNIVERSITAT JAUME I DE CASTELL\u00d3 PARA PROMOCIONAR LA ESCALA DE FHN COMO POSIBLE SALIDA PROFESIONAL DEL ESTUDIANTADO<\/h3>\t\t\t\t<\/div>\n\t\t\t\t<\/div>\n\t\t\t\t<div class=\"elementor-element elementor-element-ddb3e35 elementor-widget elementor-widget-text-editor\" data-id=\"ddb3e35\" data-element_type=\"widget\" data-e-type=\"widget\" data-widget_type=\"text-editor.default\">\n\t\t\t\t<div class=\"elementor-widget-container\">\n\t\t\t\t\t\t\t\t\t<p><strong>DURACI\u00d3N DE 4 A\u00d1OS DESDE INICIO DEL CURSO ACAD\u00c9MICO 2024-25.<\/strong><\/p><p>Se prev\u00e9 promocionar y facilitar las pr\u00e1cticas del estudiantado (Facultad de Ciencias Jur\u00eddicas y Econ\u00f3micas) a fin conozcan la Escala de FHN, integrada por las subescalas de secretar\u00eda, intervenci\u00f3n-tesorer\u00eda y secretar\u00eda-intervenci\u00f3n, como posible salida profesional.<\/p>\t\t\t\t\t\t\t\t<\/div>\n\t\t\t\t<\/div>\n\t\t\t\t<div class=\"elementor-element elementor-element-ede02f9 elementor-align-left elementor-widget elementor-widget-button\" data-id=\"ede02f9\" data-element_type=\"widget\" data-e-type=\"widget\" data-widget_type=\"button.default\">\n\t\t\t\t<div class=\"elementor-widget-container\">\n\t\t\t\t\t\t\t\t\t<div class=\"elementor-button-wrapper\">\n\t\t\t\t\t<a class=\"elementor-button elementor-button-link elementor-size-sm\" href=\"http:\/\/s320074363.mialojamiento.es\/espa_produccion\/cosital\/wp-content\/uploads\/2026\/04\/Convenio-promocion-EscalaFHN-como-salida-profesional.pdf\">\n\t\t\t\t\t\t<span class=\"elementor-button-content-wrapper\">\n\t\t\t\t\t\t<span class=\"elementor-button-icon\">\n\t\t\t\t<svg aria-hidden=\"true\" class=\"e-font-icon-svg e-far-file-pdf\" viewBox=\"0 0 384 512\" xmlns=\"http:\/\/www.w3.org\/2000\/svg\"><path d=\"M369.9 97.9L286 14C277 5 264.8-.1 252.1-.1H48C21.5 0 0 21.5 0 48v416c0 26.5 21.5 48 48 48h288c26.5 0 48-21.5 48-48V131.9c0-12.7-5.1-25-14.1-34zM332.1 128H256V51.9l76.1 76.1zM48 464V48h160v104c0 13.3 10.7 24 24 24h104v288H48zm250.2-143.7c-12.2-12-47-8.7-64.4-6.5-17.2-10.5-28.7-25-36.8-46.3 3.9-16.1 10.1-40.6 5.4-56-4.2-26.2-37.8-23.6-42.6-5.9-4.4 16.1-.4 38.5 7 67.1-10 23.9-24.9 56-35.4 74.4-20 10.3-47 26.2-51 46.2-3.3 15.8 26 55.2 76.1-31.2 22.4-7.4 46.8-16.5 68.4-20.1 18.9 10.2 41 17 55.8 17 25.5 0 28-28.2 17.5-38.7zm-198.1 77.8c5.1-13.7 24.5-29.5 30.4-35-19 30.3-30.4 35.7-30.4 35zm81.6-190.6c7.4 0 6.7 32.1 1.8 40.8-4.4-13.9-4.3-40.8-1.8-40.8zm-24.4 136.6c9.7-16.9 18-37 24.7-54.7 8.3 15.1 18.9 27.2 30.1 35.5-20.8 4.3-38.9 13.1-54.8 19.2zm131.6-5s-5 6-37.3-7.8c35.1-2.6 40.9 5.4 37.3 7.8z\"><\/path><\/svg>\t\t\t<\/span>\n\t\t\t\t\t\t\t\t\t<span class=\"elementor-button-text\">saber m\u00e1s<\/span>\n\t\t\t\t\t<\/span>\n\t\t\t\t\t<\/a>\n\t\t\t\t<\/div>\n\t\t\t\t\t\t\t\t<\/div>\n\t\t\t\t<\/div>\n\t\t\t\t\t<\/div>\n\t\t\t\t<\/div>\n\t\t\t\t<\/div>\n\t\t<div class=\"elementor-element elementor-element-e91e835 e-con-full e-flex e-con e-child\" data-id=\"e91e835\" data-element_type=\"container\" data-e-type=\"container\" data-settings=\"{&quot;background_background&quot;:&quot;classic&quot;}\">\n\t\t<div class=\"elementor-element elementor-element-485282d e-flex e-con-boxed e-con e-child\" data-id=\"485282d\" data-element_type=\"container\" data-e-type=\"container\">\n\t\t\t\t\t<div class=\"e-con-inner\">\n\t\t\t\t<div class=\"elementor-element elementor-element-ee9a6d2 elementor-widget elementor-widget-heading\" data-id=\"ee9a6d2\" data-element_type=\"widget\" data-e-type=\"widget\" data-widget_type=\"heading.default\">\n\t\t\t\t<div class=\"elementor-widget-container\">\n\t\t\t\t\t<h3 class=\"elementor-heading-title elementor-size-default\">CONVENIO DE COLABORACI\u00d3N CON LA GENERALITAT VALENCIANA PARA MEJORAR EL CUMPLIMIENTO DE LA NORMATIVA VIGENTE EN MATERIA DE TRANSPARENCIA<\/h3>\t\t\t\t<\/div>\n\t\t\t\t<\/div>\n\t\t\t\t<div class=\"elementor-element elementor-element-7effb45 elementor-widget elementor-widget-text-editor\" data-id=\"7effb45\" data-element_type=\"widget\" data-e-type=\"widget\" data-widget_type=\"text-editor.default\">\n\t\t\t\t<div class=\"elementor-widget-container\">\n\t\t\t\t\t\t\t\t\t<p><strong>CONVENIO EXPIRADO, PENDIENTE DE RENOVACI\u00d3N.<\/strong><\/p><p>Se colaborar\u00e1 a trav\u00e9s de la Conselleria de Transparencia, Responsabilidad Social, Participaci\u00f3n y Cooperaci\u00f3n, en desarrollo de proyectos para mejorar el cumplimiento de la normativa vigente en materia de transparencia por parte de los Ayuntamientos de la provincia de Castell\u00f3n.<\/p>\t\t\t\t\t\t\t\t<\/div>\n\t\t\t\t<\/div>\n\t\t\t\t<div class=\"elementor-element elementor-element-998c31f elementor-align-left elementor-widget elementor-widget-button\" data-id=\"998c31f\" data-element_type=\"widget\" data-e-type=\"widget\" data-widget_type=\"button.default\">\n\t\t\t\t<div class=\"elementor-widget-container\">\n\t\t\t\t\t\t\t\t\t<div class=\"elementor-button-wrapper\">\n\t\t\t\t\t<a class=\"elementor-button elementor-button-link elementor-size-sm\" href=\"http:\/\/s320074363.mialojamiento.es\/espa_produccion\/cosital\/wp-content\/uploads\/2026\/04\/Convenio-GVA-materia-de-transparencia.pdf\">\n\t\t\t\t\t\t<span class=\"elementor-button-content-wrapper\">\n\t\t\t\t\t\t<span class=\"elementor-button-icon\">\n\t\t\t\t<svg aria-hidden=\"true\" class=\"e-font-icon-svg e-far-file-pdf\" viewBox=\"0 0 384 512\" xmlns=\"http:\/\/www.w3.org\/2000\/svg\"><path d=\"M369.9 97.9L286 14C277 5 264.8-.1 252.1-.1H48C21.5 0 0 21.5 0 48v416c0 26.5 21.5 48 48 48h288c26.5 0 48-21.5 48-48V131.9c0-12.7-5.1-25-14.1-34zM332.1 128H256V51.9l76.1 76.1zM48 464V48h160v104c0 13.3 10.7 24 24 24h104v288H48zm250.2-143.7c-12.2-12-47-8.7-64.4-6.5-17.2-10.5-28.7-25-36.8-46.3 3.9-16.1 10.1-40.6 5.4-56-4.2-26.2-37.8-23.6-42.6-5.9-4.4 16.1-.4 38.5 7 67.1-10 23.9-24.9 56-35.4 74.4-20 10.3-47 26.2-51 46.2-3.3 15.8 26 55.2 76.1-31.2 22.4-7.4 46.8-16.5 68.4-20.1 18.9 10.2 41 17 55.8 17 25.5 0 28-28.2 17.5-38.7zm-198.1 77.8c5.1-13.7 24.5-29.5 30.4-35-19 30.3-30.4 35.7-30.4 35zm81.6-190.6c7.4 0 6.7 32.1 1.8 40.8-4.4-13.9-4.3-40.8-1.8-40.8zm-24.4 136.6c9.7-16.9 18-37 24.7-54.7 8.3 15.1 18.9 27.2 30.1 35.5-20.8 4.3-38.9 13.1-54.8 19.2zm131.6-5s-5 6-37.3-7.8c35.1-2.6 40.9 5.4 37.3 7.8z\"><\/path><\/svg>\t\t\t<\/span>\n\t\t\t\t\t\t\t\t\t<span class=\"elementor-button-text\">saber m\u00e1s<\/span>\n\t\t\t\t\t<\/span>\n\t\t\t\t\t<\/a>\n\t\t\t\t<\/div>\n\t\t\t\t\t\t\t\t<\/div>\n\t\t\t\t<\/div>\n\t\t\t\t\t<\/div>\n\t\t\t\t<\/div>\n\t\t\t\t<\/div>\n\t\t\t\t\t<\/div>\n\t\t\t\t<\/div>\n\t\t\t\t<\/div>\n\t\t","protected":false},"excerpt":{"rendered":"<p>Suscripci\u00f3n de convenios En fomento de la proyecci\u00f3n y capacitaci\u00f3n profesional y otros que redunden en beneficio del FHN CONVENIO CON LA UNIVERSITAT JAUME I DE CASTELL\u00d3 PARA PROMOCIONAR LA ESCALA DE FHN COMO POSIBLE SALIDA PROFESIONAL DEL ESTUDIANTADO DURACI\u00d3N DE 4 A\u00d1OS DESDE INICIO DEL CURSO ACAD\u00c9MICO 2024-25. Se prev\u00e9 promocionar y facilitar las &#8230; <a title=\"Suscripci\u00f3n de convenios\" class=\"read-more\" href=\"http:\/\/s320074363.mialojamiento.es\/espa_produccion\/cosital\/suscripcion-de-convenios\/\" aria-label=\"Leer m\u00e1s sobre Suscripci\u00f3n de convenios\">Leer m\u00e1s<\/a><\/p>\n","protected":false},"author":2,"featured_media":0,"parent":0,"menu_order":0,"comment_status":"closed","ping_status":"closed","template":"elementor_header_footer","meta":{"_acf_changed":false,"footnotes":""},"class_list":["post-423","page","type-page","status-publish"],"acf":[],"_links":{"self":[{"href":"http:\/\/s320074363.mialojamiento.es\/espa_produccion\/cosital\/wp-json\/wp\/v2\/pages\/423","targetHints":{"allow":["GET"]}}],"collection":[{"href":"http:\/\/s320074363.mialojamiento.es\/espa_produccion\/cosital\/wp-json\/wp\/v2\/pages"}],"about":[{"href":"http:\/\/s320074363.mialojamiento.es\/espa_produccion\/cosital\/wp-json\/wp\/v2\/types\/page"}],"author":[{"embeddable":true,"href":"http:\/\/s320074363.mialojamiento.es\/espa_produccion\/cosital\/wp-json\/wp\/v2\/users\/2"}],"replies":[{"embeddable":true,"href":"http:\/\/s320074363.mialojamiento.es\/espa_produccion\/cosital\/wp-json\/wp\/v2\/comments?post=423"}],"version-history":[{"count":19,"href":"http:\/\/s320074363.mialojamiento.es\/espa_produccion\/cosital\/wp-json\/wp\/v2\/pages\/423\/revisions"}],"predecessor-version":[{"id":473,"href":"http:\/\/s320074363.mialojamiento.es\/espa_produccion\/cosital\/wp-json\/wp\/v2\/pages\/423\/revisions\/473"}],"wp:attachment":[{"href":"http:\/\/s320074363.mialojamiento.es\/espa_produccion\/cosital\/wp-json\/wp\/v2\/media?parent=423"}],"curies":[{"name":"wp","href":"https:\/\/api.w.org\/{rel}","templated":true}]}}